{"id":4496,"date":"2024-07-11T07:10:37","date_gmt":"2024-07-11T07:10:37","guid":{"rendered":"https:\/\/coworkingnrw.de\/kontakt\/"},"modified":"2025-08-07T11:18:22","modified_gmt":"2025-08-07T11:18:22","slug":"contact-us","status":"publish","type":"page","link":"https:\/\/coworkingnrw.de\/en\/contact-us\/","title":{"rendered":"Contact Us"},"content":{"rendered":"\t\t<div data-elementor-type=\"wp-page\" data-elementor-id=\"4496\" class=\"elementor elementor-4496 elementor-79\" data-elementor-post-type=\"page\">\n\t\t\t\t<div class=\"elementor-element elementor-element-342aa58 e-ecs-flex e-flex e-con-boxed e-con e-parent\" data-id=\"342aa58\" data-element_type=\"container\" data-e-type=\"container\" data-settings=\"{&quot;ecs_container_type&quot;:&quot;flex&quot;}\">\n\t\t\t\t\t<div class=\"e-con-inner\">\n\t\t<div class=\"elementor-element elementor-element-a27754b e-con-full e-ecs-flex e-flex e-con e-child\" data-id=\"a27754b\" data-element_type=\"container\" data-e-type=\"container\" data-settings=\"{&quot;ecs_container_type&quot;:&quot;flex&quot;}\">\n\t\t\t\t<div class=\"elementor-element elementor-element-278d076 elementor-widget elementor-widget-text-editor\" data-id=\"278d076\" data-element_type=\"widget\" data-e-type=\"widget\" data-widget_type=\"text-editor.default\">\n\t\t\t\t<div class=\"elementor-widget-container\">\n\t\t\t\t\t\t\t\t\t<div class=\"section-squer-item\"><\/div>\n<div style=\"float: left;\">Everything you need<\/div>\t\t\t\t\t\t\t\t<\/div>\n\t\t\t\t<\/div>\n\t\t\t\t<div class=\"elementor-element elementor-element-8891811 elementor-widget elementor-widget-heading\" data-id=\"8891811\" data-element_type=\"widget\" data-e-type=\"widget\" data-widget_type=\"heading.default\">\n\t\t\t\t<div class=\"elementor-widget-container\">\n\t\t\t\t\t<h2 class=\"elementor-heading-title elementor-size-default\">Let's work together<\/h2>\t\t\t\t<\/div>\n\t\t\t\t<\/div>\n\t\t\t\t<div class=\"elementor-element elementor-element-5dcc07f elementor-align-left elementor-widget__width-initial elementor-widget elementor-widget-etheme_icon_box\" data-id=\"5dcc07f\" data-element_type=\"widget\" data-e-type=\"widget\" data-settings=\"{&quot;icon_type&quot;:&quot;icon&quot;}\" data-widget_type=\"etheme_icon_box.default\">\n\t\t\t\t<div class=\"elementor-widget-container\">\n\t\t\t\t\t\t\t\t<div class=\"etheme-icon-box etheme-icon-box-icon-position-left\">\n        \n                            \n                <div class=\"etheme-icon-box-icon etheme-icon-box-icon-type-icon\">\n        \n                <svg aria-hidden=\"true\" class=\"e-font-icon-svg e-far-building\" viewBox=\"0 0 448 512\" xmlns=\"http:\/\/www.w3.org\/2000\/svg\"><path d=\"M128 148v-40c0-6.6 5.4-12 12-12h40c6.6 0 12 5.4 12 12v40c0 6.6-5.4 12-12 12h-40c-6.6 0-12-5.4-12-12zm140 12h40c6.6 0 12-5.4 12-12v-40c0-6.6-5.4-12-12-12h-40c-6.6 0-12 5.4-12 12v40c0 6.6 5.4 12 12 12zm-128 96h40c6.6 0 12-5.4 12-12v-40c0-6.6-5.4-12-12-12h-40c-6.6 0-12 5.4-12 12v40c0 6.6 5.4 12 12 12zm128 0h40c6.6 0 12-5.4 12-12v-40c0-6.6-5.4-12-12-12h-40c-6.6 0-12 5.4-12 12v40c0 6.6 5.4 12 12 12zm-76 84v-40c0-6.6-5.4-12-12-12h-40c-6.6 0-12 5.4-12 12v40c0 6.6 5.4 12 12 12h40c6.6 0 12-5.4 12-12zm76 12h40c6.6 0 12-5.4 12-12v-40c0-6.6-5.4-12-12-12h-40c-6.6 0-12 5.4-12 12v40c0 6.6 5.4 12 12 12zm180 124v36H0v-36c0-6.6 5.4-12 12-12h19.5V24c0-13.3 10.7-24 24-24h337c13.3 0 24 10.7 24 24v440H436c6.6 0 12 5.4 12 12zM79.5 463H192v-67c0-6.6 5.4-12 12-12h40c6.6 0 12 5.4 12 12v67h112.5V49L80 48l-.5 415z\"><\/path><\/svg>        \n                <\/div>\n            \n                <div class=\"etheme-icon-box-content\">\n\t\t\n                                        \n                    \t\t\n                                            <p class=\"etheme-icon-box-description\">\n                            Bachstra\u00dfe 3-5,<br>45468\n M\u00fclheim an der Ruhr\n                        <\/p>\n                    \n                            \n                <\/div>\n\t\t\t<\/div>\n\t\t\t\t\t\t<\/div>\n\t\t\t\t<\/div>\n\t\t\t\t<div class=\"elementor-element elementor-element-08025a9 elementor-align-left elementor-widget__width-initial elementor-widget elementor-widget-etheme_icon_box\" data-id=\"08025a9\" data-element_type=\"widget\" data-e-type=\"widget\" data-settings=\"{&quot;icon_type&quot;:&quot;icon&quot;}\" data-widget_type=\"etheme_icon_box.default\">\n\t\t\t\t<div class=\"elementor-widget-container\">\n\t\t\t\t\t\t\t\t<div class=\"etheme-icon-box etheme-icon-box-icon-position-left\">\n        \n                            \n                <div class=\"etheme-icon-box-icon etheme-icon-box-icon-type-icon\">\n        \n                <i aria-hidden=\"true\" class=\"et-icon et-phone-call\"><\/i>        \n                <\/div>\n            \n                <div class=\"etheme-icon-box-content\">\n\t\t\n                                        \n                    \t\t\n                                            <p class=\"etheme-icon-box-description\">\n                            <a href=\"tel:0049020838577734\">+49  0208 38577734<\/a>                        <\/p>\n                    \n                            \n                <\/div>\n\t\t\t<\/div>\n\t\t\t\t\t\t<\/div>\n\t\t\t\t<\/div>\n\t\t\t\t<div class=\"elementor-element elementor-element-89f9404 elementor-align-left elementor-widget__width-initial elementor-widget elementor-widget-etheme_icon_box\" data-id=\"89f9404\" data-element_type=\"widget\" data-e-type=\"widget\" data-settings=\"{&quot;icon_type&quot;:&quot;icon&quot;}\" data-widget_type=\"etheme_icon_box.default\">\n\t\t\t\t<div class=\"elementor-widget-container\">\n\t\t\t\t\t\t\t\t<div class=\"etheme-icon-box etheme-icon-box-icon-position-left\">\n        \n                            \n                <div class=\"etheme-icon-box-icon etheme-icon-box-icon-type-icon\">\n        \n                <svg aria-hidden=\"true\" class=\"e-font-icon-svg e-far-envelope-open\" viewBox=\"0 0 512 512\" xmlns=\"http:\/\/www.w3.org\/2000\/svg\"><path d=\"M494.586 164.516c-4.697-3.883-111.723-89.95-135.251-108.657C337.231 38.191 299.437 0 256 0c-43.205 0-80.636 37.717-103.335 55.859-24.463 19.45-131.07 105.195-135.15 108.549A48.004 48.004 0 0 0 0 201.485V464c0 26.51 21.49 48 48 48h416c26.51 0 48-21.49 48-48V201.509a48 48 0 0 0-17.414-36.993zM464 458a6 6 0 0 1-6 6H54a6 6 0 0 1-6-6V204.347c0-1.813.816-3.526 2.226-4.665 15.87-12.814 108.793-87.554 132.364-106.293C200.755 78.88 232.398 48 256 48c23.693 0 55.857 31.369 73.41 45.389 23.573 18.741 116.503 93.493 132.366 106.316a5.99 5.99 0 0 1 2.224 4.663V458zm-31.991-187.704c4.249 5.159 3.465 12.795-1.745 16.981-28.975 23.283-59.274 47.597-70.929 56.863C336.636 362.283 299.205 400 256 400c-43.452 0-81.287-38.237-103.335-55.86-11.279-8.967-41.744-33.413-70.927-56.865-5.21-4.187-5.993-11.822-1.745-16.981l15.258-18.528c4.178-5.073 11.657-5.843 16.779-1.726 28.618 23.001 58.566 47.035 70.56 56.571C200.143 320.631 232.307 352 256 352c23.602 0 55.246-30.88 73.41-45.389 11.994-9.535 41.944-33.57 70.563-56.568 5.122-4.116 12.601-3.346 16.778 1.727l15.258 18.526z\"><\/path><\/svg>        \n                <\/div>\n            \n                <div class=\"etheme-icon-box-content\">\n\t\t\n                                        \n                    \t\t\n                                            <p class=\"etheme-icon-box-description\">\n                            <a href=\"mailto:booking@coworkingnrw.de\">booking@coworkingnrw.de<\/a>                        <\/p>\n                    \n                            \n                <\/div>\n\t\t\t<\/div>\n\t\t\t\t\t\t<\/div>\n\t\t\t\t<\/div>\n\t\t\t\t<div class=\"elementor-element elementor-element-e2df25f elementor-align-left elementor-widget__width-initial elementor-widget elementor-widget-etheme_icon_box\" data-id=\"e2df25f\" data-element_type=\"widget\" data-e-type=\"widget\" data-settings=\"{&quot;icon_type&quot;:&quot;icon&quot;}\" data-widget_type=\"etheme_icon_box.default\">\n\t\t\t\t<div class=\"elementor-widget-container\">\n\t\t\t\t\t\t\t\t<div class=\"etheme-icon-box etheme-icon-box-icon-position-left\">\n        \n                            \n                <div class=\"etheme-icon-box-icon etheme-icon-box-icon-type-icon\">\n        \n                <svg aria-hidden=\"true\" class=\"e-font-icon-svg e-far-envelope-open\" viewBox=\"0 0 512 512\" xmlns=\"http:\/\/www.w3.org\/2000\/svg\"><path d=\"M494.586 164.516c-4.697-3.883-111.723-89.95-135.251-108.657C337.231 38.191 299.437 0 256 0c-43.205 0-80.636 37.717-103.335 55.859-24.463 19.45-131.07 105.195-135.15 108.549A48.004 48.004 0 0 0 0 201.485V464c0 26.51 21.49 48 48 48h416c26.51 0 48-21.49 48-48V201.509a48 48 0 0 0-17.414-36.993zM464 458a6 6 0 0 1-6 6H54a6 6 0 0 1-6-6V204.347c0-1.813.816-3.526 2.226-4.665 15.87-12.814 108.793-87.554 132.364-106.293C200.755 78.88 232.398 48 256 48c23.693 0 55.857 31.369 73.41 45.389 23.573 18.741 116.503 93.493 132.366 106.316a5.99 5.99 0 0 1 2.224 4.663V458zm-31.991-187.704c4.249 5.159 3.465 12.795-1.745 16.981-28.975 23.283-59.274 47.597-70.929 56.863C336.636 362.283 299.205 400 256 400c-43.452 0-81.287-38.237-103.335-55.86-11.279-8.967-41.744-33.413-70.927-56.865-5.21-4.187-5.993-11.822-1.745-16.981l15.258-18.528c4.178-5.073 11.657-5.843 16.779-1.726 28.618 23.001 58.566 47.035 70.56 56.571C200.143 320.631 232.307 352 256 352c23.602 0 55.246-30.88 73.41-45.389 11.994-9.535 41.944-33.57 70.563-56.568 5.122-4.116 12.601-3.346 16.778 1.727l15.258 18.526z\"><\/path><\/svg>        \n                <\/div>\n            \n                <div class=\"etheme-icon-box-content\">\n\t\t\n                                        \n                    \t\t\n                                            <p class=\"etheme-icon-box-description\">\n                            <a href=\"mailto:Support@coworkingnrw.de\">Support@coworkingnrw.de<\/a>                        <\/p>\n                    \n                            \n                <\/div>\n\t\t\t<\/div>\n\t\t\t\t\t\t<\/div>\n\t\t\t\t<\/div>\n\t\t\t\t<\/div>\n\t\t<div class=\"elementor-element elementor-element-9885a21 e-con-full e-ecs-flex e-flex e-con e-child\" data-id=\"9885a21\" data-element_type=\"container\" data-e-type=\"container\" data-settings=\"{&quot;background_background&quot;:&quot;classic&quot;,&quot;ecs_container_type&quot;:&quot;flex&quot;}\">\n\t\t\t\t<div class=\"elementor-element elementor-element-9e6b7fb etheme-contact-form-7-button-custom elementor-widget elementor-widget-et-contact-form-7\" data-id=\"9e6b7fb\" data-element_type=\"widget\" data-e-type=\"widget\" data-widget_type=\"et-contact-form-7.default\">\n\t\t\t\t<div class=\"elementor-widget-container\">\n\t\t\t\t\t                <div class=\"pp-contact-form etheme-contact-form-7 placeholder-show\">\n                                        \n<div class=\"wpcf7 no-js\" id=\"wpcf7-f4430-o1\" lang=\"en-US\" dir=\"ltr\" data-wpcf7-id=\"4430\">\n<div class=\"screen-reader-response\"><p role=\"status\" aria-live=\"polite\" aria-atomic=\"true\"><\/p> <ul><\/ul><\/div>\n<form action=\"\/en\/wp-json\/wp\/v2\/pages\/4496#wpcf7-f4430-o1\" method=\"post\" class=\"wpcf7-form init\" aria-label=\"Contact form\" novalidate=\"novalidate\" data-status=\"init\">\n<fieldset class=\"hidden-fields-container\"><input type=\"hidden\" name=\"_wpcf7\" value=\"4430\" \/><input type=\"hidden\" name=\"_wpcf7_version\" value=\"6.1.5\" \/><input type=\"hidden\" name=\"_wpcf7_locale\" value=\"en_US\" \/><input type=\"hidden\" name=\"_wpcf7_unit_tag\" value=\"wpcf7-f4430-o1\" \/><input type=\"hidden\" name=\"_wpcf7_container_post\" value=\"0\" \/><input type=\"hidden\" name=\"_wpcf7_posted_data_hash\" value=\"\" \/>\n<\/fieldset>\n<div class=\"row\">\n\t<div class=\"col-lg-6\">\n\t\t<p><span class=\"wpcf7-form-control-wrap\" data-name=\"your-name\"><input size=\"40\" maxlength=\"400\" class=\"wpcf7-form-control wpcf7-text wpcf7-validates-as-required col-lg-12\" aria-required=\"true\" aria-invalid=\"false\" placeholder=\"Your Name *\" value=\"\" type=\"text\" name=\"your-name\" \/><\/span>\n\t\t<\/p>\n\t<\/div>\n\t<div class=\"col-lg-6\">\n\t\t<p><span class=\"wpcf7-form-control-wrap\" data-name=\"your-email\"><input size=\"40\" maxlength=\"400\" class=\"wpcf7-form-control wpcf7-email wpcf7-validates-as-required wpcf7-text wpcf7-validates-as-email col-lg-12\" aria-required=\"true\" aria-invalid=\"false\" placeholder=\"Your email address *\" value=\"\" type=\"email\" name=\"your-email\" \/><\/span>\n\t\t<\/p>\n\t<\/div>\n\t<div class=\"col-lg-6\">\n\t\t<p><span class=\"wpcf7-form-control-wrap\" data-name=\"phone-number\"><input size=\"40\" maxlength=\"400\" class=\"wpcf7-form-control wpcf7-tel wpcf7-text wpcf7-validates-as-tel col-lg-12\" aria-invalid=\"false\" placeholder=\"Phone number (optional)\" value=\"\" type=\"tel\" name=\"phone-number\" \/><\/span>\n\t\t<\/p>\n\t<\/div>\n\t<div class=\"col-lg-6\">\n\t\t<p><span class=\"wpcf7-form-control-wrap\" data-name=\"selection\"><select class=\"wpcf7-form-control wpcf7-select col-lg-12\" aria-invalid=\"false\" name=\"selection\"><option value=\"Select topic\">Select topic<\/option><option value=\"Coworking\">Coworking<\/option><option value=\"Offices\">Offices<\/option><option value=\"Business address\">Business address<\/option><option value=\"Meetings and events\">Meetings and events<\/option><\/select><\/span>\n\t\t<\/p>\n\t<\/div>\n\t<div class=\"col-lg-12\" >\n\t\t<p><span class=\"wpcf7-form-control-wrap\" data-name=\"your-message\"><textarea cols=\"40\" rows=\"3\" maxlength=\"2000\" class=\"wpcf7-form-control wpcf7-textarea col-lg-12\" aria-invalid=\"false\" placeholder=\"Message\" name=\"your-message\"><\/textarea><\/span>\n\t\t<\/p>\n\t<\/div>\n\t<various class=\"col-lg-12 checkboxform\" style=\"margin:20px 0 20px 0;\" >\n\t\t<p><span class=\"wpcf7-form-control-wrap\" data-name=\"confirm\"><span class=\"wpcf7-form-control wpcf7-checkbox wpcf7-validates-as-required\"><span class=\"wpcf7-list-item first last\"><input type=\"checkbox\" name=\"confirm[]\" value=\"I confirm that I have read the privacy policy and agree to the processing of my data.\" \/><span class=\"wpcf7-list-item-label\">I confirm that I have read the privacy policy and agree to the processing of my data.<\/span><\/span><\/span><\/span><a href=\"\/en\/privacy-policy\/\">[Privacy Policy]<\/a>\n\t\t<\/p>\n\t<\/various>\n<\/div>\n<div class=\"col-lg-12\">\n\t<p><input class=\"wpcf7-form-control wpcf7-submit has-spinner\" type=\"submit\" value=\"Send\" \/>\n\t<\/p>\n<\/div>\n<div class=\"wpcf7-response-output\" aria-hidden=\"true\"><\/div>\n<\/form>\n<\/div>\n                <\/div>\n                \t\t\t\t<\/div>\n\t\t\t\t<\/div>\n\t\t\t\t<\/div>\n\t\t\t\t\t<\/div>\n\t\t\t\t<\/div>\n\t\t\t\t<\/div>\n\t\t","protected":false},"excerpt":{"rendered":"<p>Everything you need Let&#8217;s work together Bachstra\u00dfe 3-5,45468 M\u00fclheim an der Ruhr +49 0208 38577734 booking@coworkingnrw.de Support@coworkingnrw.de Thema ausw\u00e4hlemCoworkingB\u00fcrosGesch\u00e4ftsadresseMeetings und Veranstaltungen Ich best\u00e4tige, dass ich&#8230;<\/p>\n","protected":false},"author":2,"featured_media":0,"parent":0,"menu_order":0,"comment_status":"closed","ping_status":"closed","template":"","meta":{"_acf_changed":false,"inline_featured_image":false,"footnotes":""},"class_list":["post-4496","page","type-page","status-publish","hentry"],"acf":[],"yoast_head":"<!-- This site is optimized with the Yoast SEO Premium plugin v25.5 (Yoast SEO v27.5) - https:\/\/yoast.com\/product\/yoast-seo-premium-wordpress\/ -->\n<title>Contact Us | coworkingnrw.de<\/title>\n<meta name=\"description\" content=\"Flexible Arbeitspl\u00e4tze, B\u00fcros &amp; Meetingr\u00e4ume in M\u00fclheim an der Ruhr. Jetzt Er\u00f6ffnungsangebote entdecken!\" \/>\n<meta name=\"robots\" content=\"index, follow, max-snippet:-1, max-image-preview:large, max-video-preview:-1\" \/>\n<link rel=\"canonical\" href=\"https:\/\/coworkingnrw.de\/en\/contact-us\/\" \/>\n<meta property=\"og:locale\" content=\"en_US\" \/>\n<meta property=\"og:type\" content=\"article\" \/>\n<meta property=\"og:title\" content=\"Contact Us\" \/>\n<meta property=\"og:description\" content=\"Moderne Coworking-Pl\u00e4tze, B\u00fcros &amp; Meetingr\u00e4ume in M\u00fclheim. Flexibel mieten und Teil unserer Community werden!\" \/>\n<meta property=\"og:url\" content=\"https:\/\/coworkingnrw.de\/en\/contact-us\/\" \/>\n<meta property=\"og:site_name\" content=\"coworkingnrw.de\" \/>\n<meta property=\"article:modified_time\" content=\"2025-08-07T11:18:22+00:00\" \/>\n<meta property=\"og:image\" content=\"https:\/\/coworkingnrw.de\/wp-content\/uploads\/2025\/08\/private-office-coworking03.jpg\" \/>\n\t<meta property=\"og:image:width\" content=\"770\" \/>\n\t<meta property=\"og:image:height\" content=\"450\" \/>\n\t<meta property=\"og:image:type\" content=\"image\/jpeg\" \/>\n<meta name=\"twitter:card\" content=\"summary_large_image\" \/>\n<meta name=\"twitter:label1\" content=\"Est. reading time\" \/>\n\t<meta name=\"twitter:data1\" content=\"1 minute\" \/>\n<script type=\"application\/ld+json\" class=\"yoast-schema-graph\">{\"@context\":\"https:\\\/\\\/schema.org\",\"@graph\":[{\"@type\":\"WebPage\",\"@id\":\"https:\\\/\\\/coworkingnrw.de\\\/en\\\/contact-us\\\/\",\"url\":\"https:\\\/\\\/coworkingnrw.de\\\/en\\\/contact-us\\\/\",\"name\":\"Contact Us | coworkingnrw.de\",\"isPartOf\":{\"@id\":\"https:\\\/\\\/coworkingnrw.de\\\/en\\\/#website\"},\"datePublished\":\"2024-07-11T07:10:37+00:00\",\"dateModified\":\"2025-08-07T11:18:22+00:00\",\"description\":\"Flexible Arbeitspl\u00e4tze, B\u00fcros & Meetingr\u00e4ume in M\u00fclheim an der Ruhr. Jetzt Er\u00f6ffnungsangebote entdecken!\",\"breadcrumb\":{\"@id\":\"https:\\\/\\\/coworkingnrw.de\\\/en\\\/contact-us\\\/#breadcrumb\"},\"inLanguage\":\"en-US\",\"potentialAction\":[{\"@type\":\"ReadAction\",\"target\":[\"https:\\\/\\\/coworkingnrw.de\\\/en\\\/contact-us\\\/\"]}]},{\"@type\":\"BreadcrumbList\",\"@id\":\"https:\\\/\\\/coworkingnrw.de\\\/en\\\/contact-us\\\/#breadcrumb\",\"itemListElement\":[{\"@type\":\"ListItem\",\"position\":1,\"name\":\"Home\",\"item\":\"https:\\\/\\\/coworkingnrw.de\\\/en\\\/\"},{\"@type\":\"ListItem\",\"position\":2,\"name\":\"Contact Us\"}]},{\"@type\":\"WebSite\",\"@id\":\"https:\\\/\\\/coworkingnrw.de\\\/en\\\/#website\",\"url\":\"https:\\\/\\\/coworkingnrw.de\\\/en\\\/\",\"name\":\"Coworking & B\u00fcros in M\u00fclheim an der Ruhr\",\"description\":\"Flexible Arbeitspl\u00e4tze, moderne B\u00fcros und voll ausgestattete Meetingr\u00e4ume mitten in M\u00fclheim\",\"publisher\":{\"@id\":\"https:\\\/\\\/coworkingnrw.de\\\/en\\\/#organization\"},\"alternateName\":\"Coworking M\u00fclheim\",\"potentialAction\":[{\"@type\":\"SearchAction\",\"target\":{\"@type\":\"EntryPoint\",\"urlTemplate\":\"https:\\\/\\\/coworkingnrw.de\\\/en\\\/?s={search_term_string}\"},\"query-input\":{\"@type\":\"PropertyValueSpecification\",\"valueRequired\":true,\"valueName\":\"search_term_string\"}}],\"inLanguage\":\"en-US\"},{\"@type\":\"Organization\",\"@id\":\"https:\\\/\\\/coworkingnrw.de\\\/en\\\/#organization\",\"name\":\"Coworkingnrw.de\",\"url\":\"https:\\\/\\\/coworkingnrw.de\\\/en\\\/\",\"logo\":{\"@type\":\"ImageObject\",\"inLanguage\":\"en-US\",\"@id\":\"https:\\\/\\\/coworkingnrw.de\\\/en\\\/#\\\/schema\\\/logo\\\/image\\\/\",\"url\":\"https:\\\/\\\/coworkingnrw.de\\\/wp-content\\\/uploads\\\/2025\\\/06\\\/logo-color.webp\",\"contentUrl\":\"https:\\\/\\\/coworkingnrw.de\\\/wp-content\\\/uploads\\\/2025\\\/06\\\/logo-color.webp\",\"width\":2054,\"height\":840,\"caption\":\"Coworkingnrw.de\"},\"image\":{\"@id\":\"https:\\\/\\\/coworkingnrw.de\\\/en\\\/#\\\/schema\\\/logo\\\/image\\\/\"},\"sameAs\":[\"https:\\\/\\\/www.instagram.com\\\/coworkingnrw\"],\"ownershipFundingInfo\":\"https:\\\/\\\/coworkingnrw.de\\\/impressum\\\/\",\"actionableFeedbackPolicy\":\"https:\\\/\\\/coworkingnrw.de\\\/en\\\/about-us\\\/\"}]}<\/script>\n<!-- \/ Yoast SEO Premium plugin. -->","yoast_head_json":{"title":"Contact Us | coworkingnrw.de","description":"Flexible Arbeitspl\u00e4tze, B\u00fcros & Meetingr\u00e4ume in M\u00fclheim an der Ruhr. Jetzt Er\u00f6ffnungsangebote entdecken!","robots":{"index":"index","follow":"follow","max-snippet":"max-snippet:-1","max-image-preview":"max-image-preview:large","max-video-preview":"max-video-preview:-1"},"canonical":"https:\/\/coworkingnrw.de\/en\/contact-us\/","og_locale":"en_US","og_type":"article","og_title":"Contact Us","og_description":"Moderne Coworking-Pl\u00e4tze, B\u00fcros & Meetingr\u00e4ume in M\u00fclheim. Flexibel mieten und Teil unserer Community werden!","og_url":"https:\/\/coworkingnrw.de\/en\/contact-us\/","og_site_name":"coworkingnrw.de","article_modified_time":"2025-08-07T11:18:22+00:00","og_image":[{"width":770,"height":450,"url":"https:\/\/coworkingnrw.de\/wp-content\/uploads\/2025\/08\/private-office-coworking03.jpg","type":"image\/jpeg"}],"twitter_card":"summary_large_image","twitter_misc":{"Est. reading time":"1 minute"},"schema":{"@context":"https:\/\/schema.org","@graph":[{"@type":"WebPage","@id":"https:\/\/coworkingnrw.de\/en\/contact-us\/","url":"https:\/\/coworkingnrw.de\/en\/contact-us\/","name":"Contact Us | coworkingnrw.de","isPartOf":{"@id":"https:\/\/coworkingnrw.de\/en\/#website"},"datePublished":"2024-07-11T07:10:37+00:00","dateModified":"2025-08-07T11:18:22+00:00","description":"Flexible Arbeitspl\u00e4tze, B\u00fcros & Meetingr\u00e4ume in M\u00fclheim an der Ruhr. Jetzt Er\u00f6ffnungsangebote entdecken!","breadcrumb":{"@id":"https:\/\/coworkingnrw.de\/en\/contact-us\/#breadcrumb"},"inLanguage":"en-US","potentialAction":[{"@type":"ReadAction","target":["https:\/\/coworkingnrw.de\/en\/contact-us\/"]}]},{"@type":"BreadcrumbList","@id":"https:\/\/coworkingnrw.de\/en\/contact-us\/#breadcrumb","itemListElement":[{"@type":"ListItem","position":1,"name":"Home","item":"https:\/\/coworkingnrw.de\/en\/"},{"@type":"ListItem","position":2,"name":"Contact Us"}]},{"@type":"WebSite","@id":"https:\/\/coworkingnrw.de\/en\/#website","url":"https:\/\/coworkingnrw.de\/en\/","name":"Coworking & B\u00fcros in M\u00fclheim an der Ruhr","description":"Flexible Arbeitspl\u00e4tze, moderne B\u00fcros und voll ausgestattete Meetingr\u00e4ume mitten in M\u00fclheim","publisher":{"@id":"https:\/\/coworkingnrw.de\/en\/#organization"},"alternateName":"Coworking M\u00fclheim","potentialAction":[{"@type":"SearchAction","target":{"@type":"EntryPoint","urlTemplate":"https:\/\/coworkingnrw.de\/en\/?s={search_term_string}"},"query-input":{"@type":"PropertyValueSpecification","valueRequired":true,"valueName":"search_term_string"}}],"inLanguage":"en-US"},{"@type":"Organization","@id":"https:\/\/coworkingnrw.de\/en\/#organization","name":"Coworkingnrw.de","url":"https:\/\/coworkingnrw.de\/en\/","logo":{"@type":"ImageObject","inLanguage":"en-US","@id":"https:\/\/coworkingnrw.de\/en\/#\/schema\/logo\/image\/","url":"https:\/\/coworkingnrw.de\/wp-content\/uploads\/2025\/06\/logo-color.webp","contentUrl":"https:\/\/coworkingnrw.de\/wp-content\/uploads\/2025\/06\/logo-color.webp","width":2054,"height":840,"caption":"Coworkingnrw.de"},"image":{"@id":"https:\/\/coworkingnrw.de\/en\/#\/schema\/logo\/image\/"},"sameAs":["https:\/\/www.instagram.com\/coworkingnrw"],"ownershipFundingInfo":"https:\/\/coworkingnrw.de\/impressum\/","actionableFeedbackPolicy":"https:\/\/coworkingnrw.de\/en\/about-us\/"}]}},"_hostinger_reach_plugin_has_subscription_block":false,"_hostinger_reach_plugin_is_elementor":false,"_links":{"self":[{"href":"https:\/\/coworkingnrw.de\/en\/wp-json\/wp\/v2\/pages\/4496","targetHints":{"allow":["GET"]}}],"collection":[{"href":"https:\/\/coworkingnrw.de\/en\/wp-json\/wp\/v2\/pages"}],"about":[{"href":"https:\/\/coworkingnrw.de\/en\/wp-json\/wp\/v2\/types\/page"}],"author":[{"embeddable":true,"href":"https:\/\/coworkingnrw.de\/en\/wp-json\/wp\/v2\/users\/2"}],"replies":[{"embeddable":true,"href":"https:\/\/coworkingnrw.de\/en\/wp-json\/wp\/v2\/comments?post=4496"}],"version-history":[{"count":10,"href":"https:\/\/coworkingnrw.de\/en\/wp-json\/wp\/v2\/pages\/4496\/revisions"}],"predecessor-version":[{"id":4918,"href":"https:\/\/coworkingnrw.de\/en\/wp-json\/wp\/v2\/pages\/4496\/revisions\/4918"}],"wp:attachment":[{"href":"https:\/\/coworkingnrw.de\/en\/wp-json\/wp\/v2\/media?parent=4496"}],"curies":[{"name":"wp","href":"https:\/\/api.w.org\/{rel}","templated":true}]}}