{"id":4514,"date":"2025-07-10T13:50:24","date_gmt":"2025-07-10T13:50:24","guid":{"rendered":"https:\/\/coworkingnrw.de\/impressum\/"},"modified":"2025-08-04T12:17:15","modified_gmt":"2025-08-04T12:17:15","slug":"imprint","status":"publish","type":"page","link":"https:\/\/coworkingnrw.de\/en\/imprint\/","title":{"rendered":"Imprint"},"content":{"rendered":"<p><strong>coworkingnrw.de<\/strong><\/p>\n<p>Bark Link GmbH<\/p>\n<p>Bachstra\u00dfe 3-5<\/p>\n<p>45468 M\u00fclheim an der Ruhr<\/p>\n<p>Germany<\/p>\n<p>Telefon: <a href=\"tel:0049020838577734\">+49 0208 38577734<\/a><br \/>\nE-Mail: <a href=\"mailto:Support@coworkingnrw.de\">Support@coworkingnrw.de<\/a><br \/>\nE-Mail: <a href=\"mailto:booking@coworkingnrw.de\">booking@coworkingnrw.de<\/a><\/p>\n<p>Web: <a href=\"https:\/\/coworkingnrw.de\/en\/\">coworkingnrw.de<\/a><\/p>\n<p>&nbsp;<\/p>\n<p>Commercial Register: Local Court [Insert court], HRB [Number]<\/p>\n<p>VAT ID according to \u00a7 27 a UStG: has been applied for<\/p>\n<p>&nbsp;<\/p>\n<p>Responsible for content according to \u00a7 55 para. 2 RStV<\/p>\n<p>coworkingnrw.de<\/p>\n<p>Bark Link GmbH<\/p>\n<p>Bachstra\u00dfe 3-5<\/p>\n<p>45468 M\u00fclheim an der Ruhr<\/p>\n<p>Germany<\/p>\n<p>&nbsp;<\/p>\n<p>EU Online Dispute Resolution<\/p>\n<p>The European Commission provides a platform for online dispute resolution (ODR):<\/p>\n<p>https:\/\/ec.europa.eu\/consumers\/odr<\/p>\n<p>Our e-mail address can be found above in the imprint.<\/p>\n<p>&nbsp;<\/p>\n<p>Consumer dispute resolution \/ Universal arbitration body<\/p>\n<p>We are neither obliged nor willing to participate in dispute resolution procedures before a consumer arbitration board.<\/p>\n<p>&nbsp;<\/p>\n","protected":false},"excerpt":{"rendered":"<p>coworkingnrw.de Bark Link GmbH Bachstra\u00dfe 3-5 45468 M\u00fclheim an der Ruhr Germany Telefon: +49 0208 38577734 E-Mail: Support@coworkingnrw.de E-Mail: booking@coworkingnrw.de Web: coworkingnrw.de &nbsp; Commercial Register:&#8230;<\/p>\n","protected":false},"author":2,"featured_media":0,"parent":0,"menu_order":0,"comment_status":"closed","ping_status":"closed","template":"","meta":{"_acf_changed":false,"inline_featured_image":false,"footnotes":""},"class_list":["post-4514","page","type-page","status-publish","hentry"],"acf":[],"yoast_head":"<!-- This site is optimized with the Yoast SEO Premium plugin v25.5 (Yoast SEO v27.5) - https:\/\/yoast.com\/product\/yoast-seo-premium-wordpress\/ -->\n<title>Imprint | coworkingnrw.de<\/title>\n<meta name=\"description\" content=\"Flexible Arbeitspl\u00e4tze, B\u00fcros &amp; Meetingr\u00e4ume in M\u00fclheim an der Ruhr. Jetzt Er\u00f6ffnungsangebote entdecken!\" \/>\n<meta name=\"robots\" content=\"index, follow, max-snippet:-1, max-image-preview:large, max-video-preview:-1\" \/>\n<link rel=\"canonical\" href=\"https:\/\/coworkingnrw.de\/en\/imprint\/\" \/>\n<meta property=\"og:locale\" content=\"en_US\" \/>\n<meta property=\"og:type\" content=\"article\" \/>\n<meta property=\"og:title\" content=\"Imprint\" \/>\n<meta property=\"og:description\" content=\"Moderne Coworking-Pl\u00e4tze, B\u00fcros &amp; Meetingr\u00e4ume in M\u00fclheim. Flexibel mieten und Teil unserer Community werden!\" \/>\n<meta property=\"og:url\" content=\"https:\/\/coworkingnrw.de\/en\/imprint\/\" \/>\n<meta property=\"og:site_name\" content=\"coworkingnrw.de\" \/>\n<meta property=\"article:modified_time\" content=\"2025-08-04T12:17:15+00:00\" \/>\n<meta property=\"og:image\" content=\"https:\/\/coworkingnrw.de\/wp-content\/uploads\/2025\/08\/private-office-coworking03.jpg\" \/>\n\t<meta property=\"og:image:width\" content=\"770\" \/>\n\t<meta property=\"og:image:height\" content=\"450\" \/>\n\t<meta property=\"og:image:type\" content=\"image\/jpeg\" \/>\n<meta name=\"twitter:card\" content=\"summary_large_image\" \/>\n<meta name=\"twitter:label1\" content=\"Est. reading time\" \/>\n\t<meta name=\"twitter:data1\" content=\"1 minute\" \/>\n<script type=\"application\/ld+json\" class=\"yoast-schema-graph\">{\"@context\":\"https:\\\/\\\/schema.org\",\"@graph\":[{\"@type\":\"WebPage\",\"@id\":\"https:\\\/\\\/coworkingnrw.de\\\/en\\\/imprint\\\/\",\"url\":\"https:\\\/\\\/coworkingnrw.de\\\/en\\\/imprint\\\/\",\"name\":\"Imprint | coworkingnrw.de\",\"isPartOf\":{\"@id\":\"https:\\\/\\\/coworkingnrw.de\\\/en\\\/#website\"},\"datePublished\":\"2025-07-10T13:50:24+00:00\",\"dateModified\":\"2025-08-04T12:17:15+00:00\",\"description\":\"Flexible Arbeitspl\u00e4tze, B\u00fcros & Meetingr\u00e4ume in M\u00fclheim an der Ruhr. Jetzt Er\u00f6ffnungsangebote entdecken!\",\"breadcrumb\":{\"@id\":\"https:\\\/\\\/coworkingnrw.de\\\/en\\\/imprint\\\/#breadcrumb\"},\"inLanguage\":\"en-US\",\"potentialAction\":[{\"@type\":\"ReadAction\",\"target\":[\"https:\\\/\\\/coworkingnrw.de\\\/en\\\/imprint\\\/\"]}]},{\"@type\":\"BreadcrumbList\",\"@id\":\"https:\\\/\\\/coworkingnrw.de\\\/en\\\/imprint\\\/#breadcrumb\",\"itemListElement\":[{\"@type\":\"ListItem\",\"position\":1,\"name\":\"Home\",\"item\":\"https:\\\/\\\/coworkingnrw.de\\\/en\\\/\"},{\"@type\":\"ListItem\",\"position\":2,\"name\":\"Imprint\"}]},{\"@type\":\"WebSite\",\"@id\":\"https:\\\/\\\/coworkingnrw.de\\\/en\\\/#website\",\"url\":\"https:\\\/\\\/coworkingnrw.de\\\/en\\\/\",\"name\":\"Coworking & B\u00fcros in M\u00fclheim an der Ruhr\",\"description\":\"Flexible Arbeitspl\u00e4tze, moderne B\u00fcros und voll ausgestattete Meetingr\u00e4ume mitten in M\u00fclheim\",\"publisher\":{\"@id\":\"https:\\\/\\\/coworkingnrw.de\\\/en\\\/#organization\"},\"alternateName\":\"Coworking M\u00fclheim\",\"potentialAction\":[{\"@type\":\"SearchAction\",\"target\":{\"@type\":\"EntryPoint\",\"urlTemplate\":\"https:\\\/\\\/coworkingnrw.de\\\/en\\\/?s={search_term_string}\"},\"query-input\":{\"@type\":\"PropertyValueSpecification\",\"valueRequired\":true,\"valueName\":\"search_term_string\"}}],\"inLanguage\":\"en-US\"},{\"@type\":\"Organization\",\"@id\":\"https:\\\/\\\/coworkingnrw.de\\\/en\\\/#organization\",\"name\":\"Coworkingnrw.de\",\"url\":\"https:\\\/\\\/coworkingnrw.de\\\/en\\\/\",\"logo\":{\"@type\":\"ImageObject\",\"inLanguage\":\"en-US\",\"@id\":\"https:\\\/\\\/coworkingnrw.de\\\/en\\\/#\\\/schema\\\/logo\\\/image\\\/\",\"url\":\"https:\\\/\\\/coworkingnrw.de\\\/wp-content\\\/uploads\\\/2025\\\/06\\\/logo-color.webp\",\"contentUrl\":\"https:\\\/\\\/coworkingnrw.de\\\/wp-content\\\/uploads\\\/2025\\\/06\\\/logo-color.webp\",\"width\":2054,\"height\":840,\"caption\":\"Coworkingnrw.de\"},\"image\":{\"@id\":\"https:\\\/\\\/coworkingnrw.de\\\/en\\\/#\\\/schema\\\/logo\\\/image\\\/\"},\"sameAs\":[\"https:\\\/\\\/www.instagram.com\\\/coworkingnrw\"],\"ownershipFundingInfo\":\"https:\\\/\\\/coworkingnrw.de\\\/impressum\\\/\",\"actionableFeedbackPolicy\":\"https:\\\/\\\/coworkingnrw.de\\\/en\\\/about-us\\\/\"}]}<\/script>\n<!-- \/ Yoast SEO Premium plugin. -->","yoast_head_json":{"title":"Imprint | coworkingnrw.de","description":"Flexible Arbeitspl\u00e4tze, B\u00fcros & Meetingr\u00e4ume in M\u00fclheim an der Ruhr. Jetzt Er\u00f6ffnungsangebote entdecken!","robots":{"index":"index","follow":"follow","max-snippet":"max-snippet:-1","max-image-preview":"max-image-preview:large","max-video-preview":"max-video-preview:-1"},"canonical":"https:\/\/coworkingnrw.de\/en\/imprint\/","og_locale":"en_US","og_type":"article","og_title":"Imprint","og_description":"Moderne Coworking-Pl\u00e4tze, B\u00fcros & Meetingr\u00e4ume in M\u00fclheim. Flexibel mieten und Teil unserer Community werden!","og_url":"https:\/\/coworkingnrw.de\/en\/imprint\/","og_site_name":"coworkingnrw.de","article_modified_time":"2025-08-04T12:17:15+00:00","og_image":[{"width":770,"height":450,"url":"https:\/\/coworkingnrw.de\/wp-content\/uploads\/2025\/08\/private-office-coworking03.jpg","type":"image\/jpeg"}],"twitter_card":"summary_large_image","twitter_misc":{"Est. reading time":"1 minute"},"schema":{"@context":"https:\/\/schema.org","@graph":[{"@type":"WebPage","@id":"https:\/\/coworkingnrw.de\/en\/imprint\/","url":"https:\/\/coworkingnrw.de\/en\/imprint\/","name":"Imprint | coworkingnrw.de","isPartOf":{"@id":"https:\/\/coworkingnrw.de\/en\/#website"},"datePublished":"2025-07-10T13:50:24+00:00","dateModified":"2025-08-04T12:17:15+00:00","description":"Flexible Arbeitspl\u00e4tze, B\u00fcros & Meetingr\u00e4ume in M\u00fclheim an der Ruhr. Jetzt Er\u00f6ffnungsangebote entdecken!","breadcrumb":{"@id":"https:\/\/coworkingnrw.de\/en\/imprint\/#breadcrumb"},"inLanguage":"en-US","potentialAction":[{"@type":"ReadAction","target":["https:\/\/coworkingnrw.de\/en\/imprint\/"]}]},{"@type":"BreadcrumbList","@id":"https:\/\/coworkingnrw.de\/en\/imprint\/#breadcrumb","itemListElement":[{"@type":"ListItem","position":1,"name":"Home","item":"https:\/\/coworkingnrw.de\/en\/"},{"@type":"ListItem","position":2,"name":"Imprint"}]},{"@type":"WebSite","@id":"https:\/\/coworkingnrw.de\/en\/#website","url":"https:\/\/coworkingnrw.de\/en\/","name":"Coworking & B\u00fcros in M\u00fclheim an der Ruhr","description":"Flexible Arbeitspl\u00e4tze, moderne B\u00fcros und voll ausgestattete Meetingr\u00e4ume mitten in M\u00fclheim","publisher":{"@id":"https:\/\/coworkingnrw.de\/en\/#organization"},"alternateName":"Coworking M\u00fclheim","potentialAction":[{"@type":"SearchAction","target":{"@type":"EntryPoint","urlTemplate":"https:\/\/coworkingnrw.de\/en\/?s={search_term_string}"},"query-input":{"@type":"PropertyValueSpecification","valueRequired":true,"valueName":"search_term_string"}}],"inLanguage":"en-US"},{"@type":"Organization","@id":"https:\/\/coworkingnrw.de\/en\/#organization","name":"Coworkingnrw.de","url":"https:\/\/coworkingnrw.de\/en\/","logo":{"@type":"ImageObject","inLanguage":"en-US","@id":"https:\/\/coworkingnrw.de\/en\/#\/schema\/logo\/image\/","url":"https:\/\/coworkingnrw.de\/wp-content\/uploads\/2025\/06\/logo-color.webp","contentUrl":"https:\/\/coworkingnrw.de\/wp-content\/uploads\/2025\/06\/logo-color.webp","width":2054,"height":840,"caption":"Coworkingnrw.de"},"image":{"@id":"https:\/\/coworkingnrw.de\/en\/#\/schema\/logo\/image\/"},"sameAs":["https:\/\/www.instagram.com\/coworkingnrw"],"ownershipFundingInfo":"https:\/\/coworkingnrw.de\/impressum\/","actionableFeedbackPolicy":"https:\/\/coworkingnrw.de\/en\/about-us\/"}]}},"_hostinger_reach_plugin_has_subscription_block":false,"_hostinger_reach_plugin_is_elementor":false,"_links":{"self":[{"href":"https:\/\/coworkingnrw.de\/en\/wp-json\/wp\/v2\/pages\/4514","targetHints":{"allow":["GET"]}}],"collection":[{"href":"https:\/\/coworkingnrw.de\/en\/wp-json\/wp\/v2\/pages"}],"about":[{"href":"https:\/\/coworkingnrw.de\/en\/wp-json\/wp\/v2\/types\/page"}],"author":[{"embeddable":true,"href":"https:\/\/coworkingnrw.de\/en\/wp-json\/wp\/v2\/users\/2"}],"replies":[{"embeddable":true,"href":"https:\/\/coworkingnrw.de\/en\/wp-json\/wp\/v2\/comments?post=4514"}],"version-history":[{"count":3,"href":"https:\/\/coworkingnrw.de\/en\/wp-json\/wp\/v2\/pages\/4514\/revisions"}],"predecessor-version":[{"id":4647,"href":"https:\/\/coworkingnrw.de\/en\/wp-json\/wp\/v2\/pages\/4514\/revisions\/4647"}],"wp:attachment":[{"href":"https:\/\/coworkingnrw.de\/en\/wp-json\/wp\/v2\/media?parent=4514"}],"curies":[{"name":"wp","href":"https:\/\/api.w.org\/{rel}","templated":true}]}}