{"id":4552,"date":"2025-07-10T06:49:39","date_gmt":"2025-07-10T06:49:39","guid":{"rendered":"https:\/\/coworkingnrw.de\/probetag-buchen\/"},"modified":"2025-09-02T12:26:22","modified_gmt":"2025-09-02T12:26:22","slug":"book-a-trial-day","status":"publish","type":"page","link":"https:\/\/coworkingnrw.de\/en\/book-a-trial-day\/","title":{"rendered":"Book A Trial Day"},"content":{"rendered":"\t\t<div data-elementor-type=\"wp-page\" data-elementor-id=\"4552\" class=\"elementor elementor-4552 elementor-3366\" data-elementor-post-type=\"page\">\n\t\t\t\t<div class=\"elementor-element elementor-element-e8cb638 e-ecs-flex e-flex e-con-boxed e-con e-parent\" data-id=\"e8cb638\" data-element_type=\"container\" data-e-type=\"container\" data-settings=\"{&quot;background_background&quot;:&quot;classic&quot;,&quot;ecs_container_type&quot;:&quot;flex&quot;}\">\n\t\t\t\t\t<div class=\"e-con-inner\">\n\t\t\t\t<div class=\"elementor-element elementor-element-327ed6b elementor-widget elementor-widget-woocommerce-etheme_breadcrumb\" data-id=\"327ed6b\" data-element_type=\"widget\" data-e-type=\"widget\" data-widget_type=\"woocommerce-etheme_breadcrumb.default\">\n\t\t\t\t<div class=\"elementor-widget-container\">\n\t\t\t\t\t    <div\n            class=\"page-heading bc-type-default bc-effect-none bc-color-dark\"\n\t\t    >\n        <div class=\"container \">\n            <div class=\"row\">\n                <div class=\"col-md-12 a-center\">\n\t\t\t\t\t\n\t\t\t\t\t\t\t\t\t\t\n\t\t\t\t\t\t\t\t\t\t\t\n\t\t\t\t\t\t<nav class=\"woocommerce-breadcrumb\" aria-label=\"Breadcrumb\">\t\t\t\t\t\t\n\t\t\t\t\t\t\t\t\t\t\t\t\t\n\t\t\t\t\t\t\t\t\t\t\t\t\t\t\n\t\t\t\t\t\t\t\t\t\t\t\t\t\t\n\t\t\t\t\t\t\t\t\t\t\t\t\t\t\t<span class=\"span-title\">Home<\/span>\t\t\t\t\t\t\t\t\t\t\t\t\t\t\n\t\t\t\t\t\t\t\t\t\t\t\t\t\t\n\t\t\t\t\t\t\t\t\t\t\t\t\t\n\t\t\t\t\t\t\t\t\t\t\t\t\n\t\t\t\t\t\t<h1 class=\"title\">Home<\/h1>\t\t\t\t\t\t\n\t\t\t\t\t\t<\/nav>\t\t\t\t\t\n\t\t\t\t\t\t\t\t\t\t\n\t\t\t\t\t                <\/div>\n            <\/div>\n        <\/div>\n    <\/div>\n\t\n\t\t\t\t\t<\/div>\n\t\t\t\t<\/div>\n\t\t\t\t\t<\/div>\n\t\t\t\t<\/div>\n\t\t<div class=\"elementor-element elementor-element-4857e3a e-ecs-flex e-flex e-con-boxed e-con e-parent\" data-id=\"4857e3a\" data-element_type=\"container\" data-e-type=\"container\" id=\"section-contact\" data-settings=\"{&quot;ecs_container_type&quot;:&quot;flex&quot;}\">\n\t\t\t\t\t<div class=\"e-con-inner\">\n\t\t<div class=\"elementor-element elementor-element-bf9e550 e-con-full e-ecs-flex e-flex elementor-invisible e-con e-child\" data-id=\"bf9e550\" data-element_type=\"container\" data-e-type=\"container\" data-settings=\"{&quot;animation&quot;:&quot;slideInUp&quot;,&quot;ecs_container_type&quot;:&quot;flex&quot;}\">\n\t\t\t\t<div class=\"elementor-element elementor-element-8871d2f elementor-widget elementor-widget-text-editor\" data-id=\"8871d2f\" data-element_type=\"widget\" data-e-type=\"widget\" data-widget_type=\"text-editor.default\">\n\t\t\t\t<div class=\"elementor-widget-container\">\n\t\t\t\t\t\t\t\t\t<div class=\"section-squer-blue\"><\/div>\n<div style=\"float: left;\">Contact us<\/div>\t\t\t\t\t\t\t\t<\/div>\n\t\t\t\t<\/div>\n\t\t\t\t<div class=\"elementor-element elementor-element-4d59c71 elementor-widget elementor-widget-heading\" data-id=\"4d59c71\" data-element_type=\"widget\" data-e-type=\"widget\" data-widget_type=\"heading.default\">\n\t\t\t\t<div class=\"elementor-widget-container\">\n\t\t\t\t\t<h2 class=\"elementor-heading-title elementor-size-default\">Book <br>\na trial day<\/h2>\t\t\t\t<\/div>\n\t\t\t\t<\/div>\n\t\t\t\t<div class=\"elementor-element elementor-element-536d6af elementor-widget__width-initial elementor-widget elementor-widget-text-editor\" data-id=\"536d6af\" data-element_type=\"widget\" data-e-type=\"widget\" data-widget_type=\"text-editor.default\">\n\t\t\t\t<div class=\"elementor-widget-container\">\n\t\t\t\t\t\t\t\t\t<p>If you have any questions about our memberships, we would be happy to advise you in person or by phone.<\/p>\t\t\t\t\t\t\t\t<\/div>\n\t\t\t\t<\/div>\n\t\t\t\t<\/div>\n\t\t<div class=\"elementor-element elementor-element-ed0dc98 e-con-full e-ecs-flex e-flex e-con e-child\" data-id=\"ed0dc98\" data-element_type=\"container\" data-e-type=\"container\" data-settings=\"{&quot;ecs_container_type&quot;:&quot;flex&quot;}\">\n\t\t\t\t<div class=\"elementor-element elementor-element-7066751 etheme-contact-form-7-button-custom elementor-widget elementor-widget-et-contact-form-7\" data-id=\"7066751\" data-element_type=\"widget\" data-e-type=\"widget\" data-widget_type=\"et-contact-form-7.default\">\n\t\t\t\t<div class=\"elementor-widget-container\">\n\t\t\t\t\t                <div class=\"pp-contact-form etheme-contact-form-7 placeholder-show\">\n                                        \n<div class=\"wpcf7 no-js\" id=\"wpcf7-f4685-o1\" lang=\"en-US\" dir=\"ltr\" data-wpcf7-id=\"4685\">\n<div class=\"screen-reader-response\"><p role=\"status\" aria-live=\"polite\" aria-atomic=\"true\"><\/p> <ul><\/ul><\/div>\n<form action=\"\/en\/wp-json\/wp\/v2\/pages\/4552#wpcf7-f4685-o1\" method=\"post\" class=\"wpcf7-form init\" aria-label=\"Contact form\" novalidate=\"novalidate\" data-status=\"init\">\n<fieldset class=\"hidden-fields-container\"><input type=\"hidden\" name=\"_wpcf7\" value=\"4685\" \/><input type=\"hidden\" name=\"_wpcf7_version\" value=\"6.1.5\" \/><input type=\"hidden\" name=\"_wpcf7_locale\" value=\"en_US\" \/><input type=\"hidden\" name=\"_wpcf7_unit_tag\" value=\"wpcf7-f4685-o1\" \/><input type=\"hidden\" name=\"_wpcf7_container_post\" value=\"0\" \/><input type=\"hidden\" name=\"_wpcf7_posted_data_hash\" value=\"\" \/>\n<\/fieldset>\n<div class=\"row\">\n\t<div class=\"col-lg-6\">\n\t\t<p><span class=\"wpcf7-form-control-wrap\" data-name=\"your-name\"><input size=\"40\" maxlength=\"400\" class=\"wpcf7-form-control wpcf7-text wpcf7-validates-as-required col-lg-12\" aria-required=\"true\" aria-invalid=\"false\" placeholder=\"Your Name *\" value=\"\" type=\"text\" name=\"your-name\" \/><\/span>\n\t\t<\/p>\n\t<\/div>\n\t<div class=\"col-lg-6\">\n\t\t<p><span class=\"wpcf7-form-control-wrap\" data-name=\"your-email\"><input size=\"40\" maxlength=\"400\" class=\"wpcf7-form-control wpcf7-email wpcf7-validates-as-required wpcf7-text wpcf7-validates-as-email col-lg-12\" aria-required=\"true\" aria-invalid=\"false\" placeholder=\"Your Email Address *\" value=\"\" type=\"email\" name=\"your-email\" \/><\/span>\n\t\t<\/p>\n\t<\/div>\n\t<div class=\"col-lg-6\">\n\t\t<p><span class=\"wpcf7-form-control-wrap\" data-name=\"phone-number\"><input size=\"40\" maxlength=\"400\" class=\"wpcf7-form-control wpcf7-tel wpcf7-text wpcf7-validates-as-tel col-lg-12\" aria-invalid=\"false\" placeholder=\"Telephone Number (optional)\" value=\"\" type=\"tel\" name=\"phone-number\" \/><\/span>\n\t\t<\/p>\n\t<\/div>\n\t<div class=\"col-lg-6\">\n\t\t<p><span class=\"wpcf7-form-control-wrap\" data-name=\"date-802\"><input class=\"wpcf7-form-control wpcf7-date wpcf7-validates-as-date col-lg-12\" aria-invalid=\"false\" placeholder=\"\" value=\"\" type=\"date\" name=\"date-802\" \/><\/span>\n\t\t<\/p>\n\t<\/div>\n\t<div class=\"col-lg-12\" >\n\t\t<p><span class=\"wpcf7-form-control-wrap\" data-name=\"your-message\"><textarea cols=\"40\" rows=\"3\" maxlength=\"2000\" class=\"wpcf7-form-control wpcf7-textarea col-lg-12\" aria-invalid=\"false\" placeholder=\"Message\" name=\"your-message\"><\/textarea><\/span>\n\t\t<\/p>\n\t<\/div>\n\t<div class=\"col-lg-12 checkboxform\" style=\"margin:20px 0 20px 0;\" >\n\t\t<p><span class=\"wpcf7-form-control-wrap\" data-name=\"confirm\"><span class=\"wpcf7-form-control wpcf7-checkbox wpcf7-validates-as-required\"><span class=\"wpcf7-list-item first last\"><input type=\"checkbox\" name=\"confirm[]\" value=\"I confirm that I have read the privacy policy and agree to the processing of my data.\" \/><span class=\"wpcf7-list-item-label\">I confirm that I have read the privacy policy and agree to the processing of my data.<\/span><\/span><\/span><\/span><a href=\"\/en\/privacy-policy\/\">[Privacy Policy]<\/a>\n\t\t<\/p>\n\t<\/div>\n\t<div class=\"col-lg-12\">\n\t\t<p><input class=\"wpcf7-form-control wpcf7-submit has-spinner\" type=\"submit\" value=\"Send\" \/>\n\t\t<\/p>\n\t<\/div>\n<\/div><div class=\"wpcf7-response-output\" aria-hidden=\"true\"><\/div>\n<\/form>\n<\/div>\n                <\/div>\n                \t\t\t\t<\/div>\n\t\t\t\t<\/div>\n\t\t\t\t<\/div>\n\t\t\t\t\t<\/div>\n\t\t\t\t<\/div>\n\t\t<div class=\"elementor-element elementor-element-4246d4f e-ecs-flex e-flex e-con-boxed e-con e-parent\" data-id=\"4246d4f\" data-element_type=\"container\" data-e-type=\"container\" data-settings=\"{&quot;background_background&quot;:&quot;classic&quot;,&quot;ecs_container_type&quot;:&quot;flex&quot;}\">\n\t\t\t\t\t<div class=\"e-con-inner\">\n\t\t<div class=\"elementor-element elementor-element-959b85f e-con-full elementor-hidden-desktop elementor-hidden-tablet elementor-hidden-mobile e-ecs-flex e-flex e-con e-child\" data-id=\"959b85f\" data-element_type=\"container\" data-e-type=\"container\" data-settings=\"{&quot;background_background&quot;:&quot;classic&quot;,&quot;ecs_container_type&quot;:&quot;flex&quot;}\">\n\t\t\t\t<div class=\"elementor-element elementor-element-fd896fa elementor-widget__width-initial elementor-widget elementor-widget-banner\" data-id=\"fd896fa\" data-element_type=\"widget\" data-e-type=\"widget\" data-settings=\"{&quot;use_default_tags&quot;:&quot;no&quot;}\" data-widget_type=\"banner.default\">\n\t\t\t\t<div class=\"elementor-widget-container\">\n\t\t\t\t\t        <div id=\"banner-4970\" class=\"banner  banner-type-6 et_image-with-hover et_image-hover-6 valign-top font-style-dark no-titles\" >\n\n\t\t\t\n\t\t\t\t<img decoding=\"async\" src=\"https:\/\/coworkingnrw.de\/wp-content\/plugins\/elementor\/assets\/images\/placeholder.png\"\/>                <div class=\"banner-content \">\n\n\t\t\t\t\t                    <div class=\"content-inner\">\n\n\t\t\t\t\t\t<div class=\"section-squer-blue\">\u00a0<\/div><div style=\"float: left; margin: 0 0 10px 0;\">Gain an overview<\/div><h3 style=\"width: 100%; font-size: 60px; padding: 5px 10px 5px 0; text-align: left; float: left; color: #ffffff;\">3D<br \/>Guide<\/h3><div class=\"section-arrow-white\">\u00a0<\/div>\n                    <\/div>\n\t\t\t\t\t        <\/div>\n\n\t\t        <\/div>\n\n\t\t\t\t\t\t<\/div>\n\t\t\t\t<\/div>\n\t\t\t\t<\/div>\n\t\t<div class=\"elementor-element elementor-element-3251ffa e-con-full e-ecs-flex e-flex e-con e-child\" data-id=\"3251ffa\" data-element_type=\"container\" data-e-type=\"container\" data-settings=\"{&quot;background_background&quot;:&quot;classic&quot;,&quot;ecs_container_type&quot;:&quot;flex&quot;}\">\n\t\t\t\t<\/div>\n\t\t\t\t\t<\/div>\n\t\t\t\t<\/div>\n\t\t\t\t<\/div>\n\t\t","protected":false},"excerpt":{"rendered":"<p>Home Home Contact us Book a trial day If you have any questions about our memberships, we would be happy to advise you in person&#8230;<\/p>\n","protected":false},"author":2,"featured_media":0,"parent":0,"menu_order":0,"comment_status":"closed","ping_status":"closed","template":"elementor_header_footer","meta":{"_acf_changed":false,"inline_featured_image":false,"footnotes":""},"class_list":["post-4552","page","type-page","status-publish","hentry"],"acf":[],"yoast_head":"<!-- This site is optimized with the Yoast SEO Premium plugin v25.5 (Yoast SEO v27.5) - https:\/\/yoast.com\/product\/yoast-seo-premium-wordpress\/ -->\n<title>Book A Trial Day | coworkingnrw.de<\/title>\n<meta name=\"description\" content=\"Flexible Arbeitspl\u00e4tze, B\u00fcros &amp; Meetingr\u00e4ume in M\u00fclheim an der Ruhr. Jetzt Er\u00f6ffnungsangebote entdecken!\" \/>\n<meta name=\"robots\" content=\"index, follow, max-snippet:-1, max-image-preview:large, max-video-preview:-1\" \/>\n<link rel=\"canonical\" href=\"https:\/\/coworkingnrw.de\/en\/book-a-trial-day\/\" \/>\n<meta property=\"og:locale\" content=\"en_US\" \/>\n<meta property=\"og:type\" content=\"article\" \/>\n<meta property=\"og:title\" content=\"Book A Trial Day\" \/>\n<meta property=\"og:description\" content=\"Moderne Coworking-Pl\u00e4tze, B\u00fcros &amp; Meetingr\u00e4ume in M\u00fclheim. Flexibel mieten und Teil unserer Community werden!\" \/>\n<meta property=\"og:url\" content=\"https:\/\/coworkingnrw.de\/en\/book-a-trial-day\/\" \/>\n<meta property=\"og:site_name\" content=\"coworkingnrw.de\" \/>\n<meta property=\"article:modified_time\" content=\"2025-09-02T12:26:22+00:00\" \/>\n<meta property=\"og:image\" content=\"https:\/\/coworkingnrw.de\/wp-content\/plugins\/elementor\/assets\/images\/placeholder.png\" \/>\n<meta name=\"twitter:card\" content=\"summary_large_image\" \/>\n<meta name=\"twitter:label1\" content=\"Est. reading time\" \/>\n\t<meta name=\"twitter:data1\" content=\"1 minute\" \/>\n<script type=\"application\/ld+json\" class=\"yoast-schema-graph\">{\"@context\":\"https:\\\/\\\/schema.org\",\"@graph\":[{\"@type\":\"WebPage\",\"@id\":\"https:\\\/\\\/coworkingnrw.de\\\/en\\\/book-a-trial-day\\\/\",\"url\":\"https:\\\/\\\/coworkingnrw.de\\\/en\\\/book-a-trial-day\\\/\",\"name\":\"Book A Trial Day | coworkingnrw.de\",\"isPartOf\":{\"@id\":\"https:\\\/\\\/coworkingnrw.de\\\/en\\\/#website\"},\"primaryImageOfPage\":{\"@id\":\"https:\\\/\\\/coworkingnrw.de\\\/en\\\/book-a-trial-day\\\/#primaryimage\"},\"image\":{\"@id\":\"https:\\\/\\\/coworkingnrw.de\\\/en\\\/book-a-trial-day\\\/#primaryimage\"},\"thumbnailUrl\":\"https:\\\/\\\/coworkingnrw.de\\\/wp-content\\\/plugins\\\/elementor\\\/assets\\\/images\\\/placeholder.png\",\"datePublished\":\"2025-07-10T06:49:39+00:00\",\"dateModified\":\"2025-09-02T12:26:22+00:00\",\"description\":\"Flexible Arbeitspl\u00e4tze, B\u00fcros & Meetingr\u00e4ume in M\u00fclheim an der Ruhr. Jetzt Er\u00f6ffnungsangebote entdecken!\",\"breadcrumb\":{\"@id\":\"https:\\\/\\\/coworkingnrw.de\\\/en\\\/book-a-trial-day\\\/#breadcrumb\"},\"inLanguage\":\"en-US\",\"potentialAction\":[{\"@type\":\"ReadAction\",\"target\":[\"https:\\\/\\\/coworkingnrw.de\\\/en\\\/book-a-trial-day\\\/\"]}]},{\"@type\":\"ImageObject\",\"inLanguage\":\"en-US\",\"@id\":\"https:\\\/\\\/coworkingnrw.de\\\/en\\\/book-a-trial-day\\\/#primaryimage\",\"url\":\"https:\\\/\\\/coworkingnrw.de\\\/wp-content\\\/plugins\\\/elementor\\\/assets\\\/images\\\/placeholder.png\",\"contentUrl\":\"https:\\\/\\\/coworkingnrw.de\\\/wp-content\\\/plugins\\\/elementor\\\/assets\\\/images\\\/placeholder.png\"},{\"@type\":\"BreadcrumbList\",\"@id\":\"https:\\\/\\\/coworkingnrw.de\\\/en\\\/book-a-trial-day\\\/#breadcrumb\",\"itemListElement\":[{\"@type\":\"ListItem\",\"position\":1,\"name\":\"Home\",\"item\":\"https:\\\/\\\/coworkingnrw.de\\\/en\\\/\"},{\"@type\":\"ListItem\",\"position\":2,\"name\":\"Book A Trial Day\"}]},{\"@type\":\"WebSite\",\"@id\":\"https:\\\/\\\/coworkingnrw.de\\\/en\\\/#website\",\"url\":\"https:\\\/\\\/coworkingnrw.de\\\/en\\\/\",\"name\":\"Coworking & B\u00fcros in M\u00fclheim an der Ruhr\",\"description\":\"Flexible Arbeitspl\u00e4tze, moderne B\u00fcros und voll ausgestattete Meetingr\u00e4ume mitten in M\u00fclheim\",\"publisher\":{\"@id\":\"https:\\\/\\\/coworkingnrw.de\\\/en\\\/#organization\"},\"alternateName\":\"Coworking M\u00fclheim\",\"potentialAction\":[{\"@type\":\"SearchAction\",\"target\":{\"@type\":\"EntryPoint\",\"urlTemplate\":\"https:\\\/\\\/coworkingnrw.de\\\/en\\\/?s={search_term_string}\"},\"query-input\":{\"@type\":\"PropertyValueSpecification\",\"valueRequired\":true,\"valueName\":\"search_term_string\"}}],\"inLanguage\":\"en-US\"},{\"@type\":\"Organization\",\"@id\":\"https:\\\/\\\/coworkingnrw.de\\\/en\\\/#organization\",\"name\":\"Coworkingnrw.de\",\"url\":\"https:\\\/\\\/coworkingnrw.de\\\/en\\\/\",\"logo\":{\"@type\":\"ImageObject\",\"inLanguage\":\"en-US\",\"@id\":\"https:\\\/\\\/coworkingnrw.de\\\/en\\\/#\\\/schema\\\/logo\\\/image\\\/\",\"url\":\"https:\\\/\\\/coworkingnrw.de\\\/wp-content\\\/uploads\\\/2025\\\/06\\\/logo-color.webp\",\"contentUrl\":\"https:\\\/\\\/coworkingnrw.de\\\/wp-content\\\/uploads\\\/2025\\\/06\\\/logo-color.webp\",\"width\":2054,\"height\":840,\"caption\":\"Coworkingnrw.de\"},\"image\":{\"@id\":\"https:\\\/\\\/coworkingnrw.de\\\/en\\\/#\\\/schema\\\/logo\\\/image\\\/\"},\"sameAs\":[\"https:\\\/\\\/www.instagram.com\\\/coworkingnrw\"],\"ownershipFundingInfo\":\"https:\\\/\\\/coworkingnrw.de\\\/impressum\\\/\",\"actionableFeedbackPolicy\":\"https:\\\/\\\/coworkingnrw.de\\\/en\\\/about-us\\\/\"}]}<\/script>\n<!-- \/ Yoast SEO Premium plugin. -->","yoast_head_json":{"title":"Book A Trial Day | coworkingnrw.de","description":"Flexible Arbeitspl\u00e4tze, B\u00fcros & Meetingr\u00e4ume in M\u00fclheim an der Ruhr. Jetzt Er\u00f6ffnungsangebote entdecken!","robots":{"index":"index","follow":"follow","max-snippet":"max-snippet:-1","max-image-preview":"max-image-preview:large","max-video-preview":"max-video-preview:-1"},"canonical":"https:\/\/coworkingnrw.de\/en\/book-a-trial-day\/","og_locale":"en_US","og_type":"article","og_title":"Book A Trial Day","og_description":"Moderne Coworking-Pl\u00e4tze, B\u00fcros & Meetingr\u00e4ume in M\u00fclheim. Flexibel mieten und Teil unserer Community werden!","og_url":"https:\/\/coworkingnrw.de\/en\/book-a-trial-day\/","og_site_name":"coworkingnrw.de","article_modified_time":"2025-09-02T12:26:22+00:00","og_image":[{"url":"https:\/\/coworkingnrw.de\/wp-content\/plugins\/elementor\/assets\/images\/placeholder.png","type":"","width":"","height":""}],"twitter_card":"summary_large_image","twitter_misc":{"Est. reading time":"1 minute"},"schema":{"@context":"https:\/\/schema.org","@graph":[{"@type":"WebPage","@id":"https:\/\/coworkingnrw.de\/en\/book-a-trial-day\/","url":"https:\/\/coworkingnrw.de\/en\/book-a-trial-day\/","name":"Book A Trial Day | coworkingnrw.de","isPartOf":{"@id":"https:\/\/coworkingnrw.de\/en\/#website"},"primaryImageOfPage":{"@id":"https:\/\/coworkingnrw.de\/en\/book-a-trial-day\/#primaryimage"},"image":{"@id":"https:\/\/coworkingnrw.de\/en\/book-a-trial-day\/#primaryimage"},"thumbnailUrl":"https:\/\/coworkingnrw.de\/wp-content\/plugins\/elementor\/assets\/images\/placeholder.png","datePublished":"2025-07-10T06:49:39+00:00","dateModified":"2025-09-02T12:26:22+00:00","description":"Flexible Arbeitspl\u00e4tze, B\u00fcros & Meetingr\u00e4ume in M\u00fclheim an der Ruhr. Jetzt Er\u00f6ffnungsangebote entdecken!","breadcrumb":{"@id":"https:\/\/coworkingnrw.de\/en\/book-a-trial-day\/#breadcrumb"},"inLanguage":"en-US","potentialAction":[{"@type":"ReadAction","target":["https:\/\/coworkingnrw.de\/en\/book-a-trial-day\/"]}]},{"@type":"ImageObject","inLanguage":"en-US","@id":"https:\/\/coworkingnrw.de\/en\/book-a-trial-day\/#primaryimage","url":"https:\/\/coworkingnrw.de\/wp-content\/plugins\/elementor\/assets\/images\/placeholder.png","contentUrl":"https:\/\/coworkingnrw.de\/wp-content\/plugins\/elementor\/assets\/images\/placeholder.png"},{"@type":"BreadcrumbList","@id":"https:\/\/coworkingnrw.de\/en\/book-a-trial-day\/#breadcrumb","itemListElement":[{"@type":"ListItem","position":1,"name":"Home","item":"https:\/\/coworkingnrw.de\/en\/"},{"@type":"ListItem","position":2,"name":"Book A Trial Day"}]},{"@type":"WebSite","@id":"https:\/\/coworkingnrw.de\/en\/#website","url":"https:\/\/coworkingnrw.de\/en\/","name":"Coworking & B\u00fcros in M\u00fclheim an der Ruhr","description":"Flexible Arbeitspl\u00e4tze, moderne B\u00fcros und voll ausgestattete Meetingr\u00e4ume mitten in M\u00fclheim","publisher":{"@id":"https:\/\/coworkingnrw.de\/en\/#organization"},"alternateName":"Coworking M\u00fclheim","potentialAction":[{"@type":"SearchAction","target":{"@type":"EntryPoint","urlTemplate":"https:\/\/coworkingnrw.de\/en\/?s={search_term_string}"},"query-input":{"@type":"PropertyValueSpecification","valueRequired":true,"valueName":"search_term_string"}}],"inLanguage":"en-US"},{"@type":"Organization","@id":"https:\/\/coworkingnrw.de\/en\/#organization","name":"Coworkingnrw.de","url":"https:\/\/coworkingnrw.de\/en\/","logo":{"@type":"ImageObject","inLanguage":"en-US","@id":"https:\/\/coworkingnrw.de\/en\/#\/schema\/logo\/image\/","url":"https:\/\/coworkingnrw.de\/wp-content\/uploads\/2025\/06\/logo-color.webp","contentUrl":"https:\/\/coworkingnrw.de\/wp-content\/uploads\/2025\/06\/logo-color.webp","width":2054,"height":840,"caption":"Coworkingnrw.de"},"image":{"@id":"https:\/\/coworkingnrw.de\/en\/#\/schema\/logo\/image\/"},"sameAs":["https:\/\/www.instagram.com\/coworkingnrw"],"ownershipFundingInfo":"https:\/\/coworkingnrw.de\/impressum\/","actionableFeedbackPolicy":"https:\/\/coworkingnrw.de\/en\/about-us\/"}]}},"_hostinger_reach_plugin_has_subscription_block":false,"_hostinger_reach_plugin_is_elementor":false,"_links":{"self":[{"href":"https:\/\/coworkingnrw.de\/en\/wp-json\/wp\/v2\/pages\/4552","targetHints":{"allow":["GET"]}}],"collection":[{"href":"https:\/\/coworkingnrw.de\/en\/wp-json\/wp\/v2\/pages"}],"about":[{"href":"https:\/\/coworkingnrw.de\/en\/wp-json\/wp\/v2\/types\/page"}],"author":[{"embeddable":true,"href":"https:\/\/coworkingnrw.de\/en\/wp-json\/wp\/v2\/users\/2"}],"replies":[{"embeddable":true,"href":"https:\/\/coworkingnrw.de\/en\/wp-json\/wp\/v2\/comments?post=4552"}],"version-history":[{"count":43,"href":"https:\/\/coworkingnrw.de\/en\/wp-json\/wp\/v2\/pages\/4552\/revisions"}],"predecessor-version":[{"id":6717,"href":"https:\/\/coworkingnrw.de\/en\/wp-json\/wp\/v2\/pages\/4552\/revisions\/6717"}],"wp:attachment":[{"href":"https:\/\/coworkingnrw.de\/en\/wp-json\/wp\/v2\/media?parent=4552"}],"curies":[{"name":"wp","href":"https:\/\/api.w.org\/{rel}","templated":true}]}}